{"id":822,"date":"2024-02-27T18:25:22","date_gmt":"2024-02-27T18:25:22","guid":{"rendered":"https:\/\/vssvacuo.com.br\/?page_id=822"},"modified":"2025-12-22T15:57:57","modified_gmt":"2025-12-22T15:57:57","slug":"vss-pumps-spare-parts","status":"publish","type":"page","link":"https:\/\/vssvacuo.com.br\/index.php\/vss-pumps-spare-parts\/","title":{"rendered":"Pe\u00e7as de Reposi\u00e7\u00e3o"},"content":{"rendered":"","protected":false},"excerpt":{"rendered":"","protected":false},"author":1,"featured_media":0,"parent":0,"menu_order":0,"comment_status":"closed","ping_status":"closed","template":"elementor_canvas","meta":{"footnotes":""},"_links":{"self":[{"href":"https:\/\/vssvacuo.com.br\/index.php\/wp-json\/wp\/v2\/pages\/822"}],"collection":[{"href":"https:\/\/vssvacuo.com.br\/index.php\/wp-json\/wp\/v2\/pages"}],"about":[{"href":"https:\/\/vssvacuo.com.br\/index.php\/wp-json\/wp\/v2\/types\/page"}],"author":[{"embeddable":true,"href":"https:\/\/vssvacuo.com.br\/index.php\/wp-json\/wp\/v2\/users\/1"}],"replies":[{"embeddable":true,"href":"https:\/\/vssvacuo.com.br\/index.php\/wp-json\/wp\/v2\/comments?post=822"}],"version-history":[{"count":3,"href":"https:\/\/vssvacuo.com.br\/index.php\/wp-json\/wp\/v2\/pages\/822\/revisions"}],"predecessor-version":[{"id":1734,"href":"https:\/\/vssvacuo.com.br\/index.php\/wp-json\/wp\/v2\/pages\/822\/revisions\/1734"}],"wp:attachment":[{"href":"https:\/\/vssvacuo.com.br\/index.php\/wp-json\/wp\/v2\/media?parent=822"}],"curies":[{"name":"wp","href":"https:\/\/api.w.org\/{rel}","templated":true}]}}